{"id":207,"date":"2026-02-20T12:27:12","date_gmt":"2026-02-20T10:27:12","guid":{"rendered":"https:\/\/cancelantecedentes.es\/?page_id=207"},"modified":"2026-02-20T12:28:52","modified_gmt":"2026-02-20T10:28:52","slug":"politica-de-cookies","status":"publish","type":"page","link":"https:\/\/cancelantecedentes.es\/index.php\/politica-de-cookies\/","title":{"rendered":"POL\u00cdTICA DE COOKIES"},"content":{"rendered":"\t\t<div data-elementor-type=\"wp-page\" data-elementor-id=\"207\" class=\"elementor elementor-207\" data-elementor-post-type=\"page\">\n\t\t\t\t<div class=\"elementor-element elementor-element-2919445b e-flex e-con-boxed e-con e-parent\" data-id=\"2919445b\" data-element_type=\"container\" data-e-type=\"container\">\n\t\t\t\t\t<div class=\"e-con-inner\">\n\t\t\t\t<div class=\"elementor-element elementor-element-f6e50e1 elementor-widget elementor-widget-heading\" data-id=\"f6e50e1\" data-element_type=\"widget\" data-e-type=\"widget\" data-widget_type=\"heading.default\">\n\t\t\t\t\t<h1 class=\"elementor-heading-title elementor-size-default\">POL\u00cdTICA DE COOKIES<\/h1>\t\t\t\t<\/div>\n\t\t\t\t<div class=\"elementor-element elementor-element-41b6ef47 elementor-widget elementor-widget-text-editor\" data-id=\"41b6ef47\" data-element_type=\"widget\" data-e-type=\"widget\" data-widget_type=\"text-editor.default\">\n\t\t\t\t\t\t\t\t\t\n<h2 class=\"wp-block-heading\"><b>1. \u00bfQu\u00e9 son las cookies?<\/b><\/h2>\n<p><span style=\"font-weight: 400;\">Las cookies son archivos que se descargan en el dispositivo del usuario al acceder a determinadas p\u00e1ginas web.<\/span><\/p>\n<h2><b>2. Tipos de cookies utilizadas<\/b><\/h2>\n<p><span style=\"font-weight: 400;\">Este sitio web puede utilizar:<\/span><\/p>\n<ul>\n<li style=\"font-weight: 400;\" aria-level=\"1\"><span style=\"font-weight: 400;\">Cookies t\u00e9cnicas necesarias para el funcionamiento del sitio.<\/span><\/li>\n<li style=\"font-weight: 400;\" aria-level=\"1\"><span style=\"font-weight: 400;\">Cookies de an\u00e1lisis para fines estad\u00edsticos.<\/span><\/li>\n<li style=\"font-weight: 400;\" aria-level=\"1\"><span style=\"font-weight: 400;\">Cookies de terceros en caso de integrar servicios externos.<\/span><\/li>\n<\/ul>\n<h2><b>3. Gesti\u00f3n de cookies<\/b><\/h2>\n<p><span style=\"font-weight: 400;\">El usuario podr\u00e1 aceptar, rechazar o configurar las cookies a trav\u00e9s del banner habilitado al acceder al sitio web.<\/span><\/p>\n<p><span style=\"font-weight: 400;\">Tambi\u00e9n puede deshabilitarlas desde la configuraci\u00f3n de su navegador.<\/span><\/p>\t\t\t\t\t\t\t\t<\/div>\n\t\t\t\t\t<\/div>\n\t\t\t\t<\/div>\n\t\t\t\t<\/div>\n\t\t","protected":false},"excerpt":{"rendered":"<p>POL\u00cdTICA DE COOKIES 1. \u00bfQu\u00e9 son las cookies? Las cookies son archivos que se descargan en el dispositivo del usuario al acceder a determinadas p\u00e1ginas web. 2. Tipos de cookies utilizadas Este sitio web puede utilizar: Cookies t\u00e9cnicas necesarias para el funcionamiento del sitio. Cookies de an\u00e1lisis para fines estad\u00edsticos. Cookies de terceros en caso [&hellip;]<\/p>\n","protected":false},"author":5,"featured_media":0,"parent":0,"menu_order":0,"comment_status":"closed","ping_status":"open","template":"","meta":{"_joinchat":[],"footnotes":""},"class_list":["post-207","page","type-page","status-publish","hentry"],"yoast_head":"<!-- This site is optimized with the Yoast SEO plugin v27.4 - https:\/\/yoast.com\/product\/yoast-seo-wordpress\/ -->\n<title>POL\u00cdTICA DE COOKIES - Cancela Antecedentes<\/title>\n<meta name=\"robots\" content=\"index, follow, max-snippet:-1, max-image-preview:large, max-video-preview:-1\" \/>\n<link rel=\"canonical\" href=\"https:\/\/cancelantecedentes.es\/index.php\/politica-de-cookies\/\" \/>\n<meta property=\"og:locale\" content=\"es_ES\" \/>\n<meta property=\"og:type\" content=\"article\" \/>\n<meta property=\"og:title\" content=\"POL\u00cdTICA DE COOKIES - Cancela Antecedentes\" \/>\n<meta property=\"og:description\" content=\"POL\u00cdTICA DE COOKIES 1. \u00bfQu\u00e9 son las cookies? Las cookies son archivos que se descargan en el dispositivo del usuario al acceder a determinadas p\u00e1ginas web. 2. Tipos de cookies utilizadas Este sitio web puede utilizar: Cookies t\u00e9cnicas necesarias para el funcionamiento del sitio. Cookies de an\u00e1lisis para fines estad\u00edsticos. Cookies de terceros en caso [&hellip;]\" \/>\n<meta property=\"og:url\" content=\"https:\/\/cancelantecedentes.es\/index.php\/politica-de-cookies\/\" \/>\n<meta property=\"og:site_name\" content=\"Cancela Antecedentes\" \/>\n<meta property=\"article:modified_time\" content=\"2026-02-20T10:28:52+00:00\" \/>\n<meta name=\"twitter:card\" content=\"summary_large_image\" \/>\n<meta name=\"twitter:label1\" content=\"Tiempo de lectura\" \/>\n\t<meta name=\"twitter:data1\" content=\"1 minuto\" \/>\n<script type=\"application\/ld+json\" class=\"yoast-schema-graph\">{\"@context\":\"https:\\\/\\\/schema.org\",\"@graph\":[{\"@type\":\"WebPage\",\"@id\":\"https:\\\/\\\/cancelantecedentes.es\\\/index.php\\\/politica-de-cookies\\\/\",\"url\":\"https:\\\/\\\/cancelantecedentes.es\\\/index.php\\\/politica-de-cookies\\\/\",\"name\":\"POL\u00cdTICA DE COOKIES - Cancela Antecedentes\",\"isPartOf\":{\"@id\":\"https:\\\/\\\/cancelantecedentes.es\\\/#website\"},\"datePublished\":\"2026-02-20T10:27:12+00:00\",\"dateModified\":\"2026-02-20T10:28:52+00:00\",\"breadcrumb\":{\"@id\":\"https:\\\/\\\/cancelantecedentes.es\\\/index.php\\\/politica-de-cookies\\\/#breadcrumb\"},\"inLanguage\":\"es\",\"potentialAction\":[{\"@type\":\"ReadAction\",\"target\":[\"https:\\\/\\\/cancelantecedentes.es\\\/index.php\\\/politica-de-cookies\\\/\"]}]},{\"@type\":\"BreadcrumbList\",\"@id\":\"https:\\\/\\\/cancelantecedentes.es\\\/index.php\\\/politica-de-cookies\\\/#breadcrumb\",\"itemListElement\":[{\"@type\":\"ListItem\",\"position\":1,\"name\":\"Portada\",\"item\":\"https:\\\/\\\/cancelantecedentes.es\\\/\"},{\"@type\":\"ListItem\",\"position\":2,\"name\":\"POL\u00cdTICA DE COOKIES\"}]},{\"@type\":\"WebSite\",\"@id\":\"https:\\\/\\\/cancelantecedentes.es\\\/#website\",\"url\":\"https:\\\/\\\/cancelantecedentes.es\\\/\",\"name\":\"Cancela Antecedentes\",\"description\":\"\",\"publisher\":{\"@id\":\"https:\\\/\\\/cancelantecedentes.es\\\/#organization\"},\"potentialAction\":[{\"@type\":\"SearchAction\",\"target\":{\"@type\":\"EntryPoint\",\"urlTemplate\":\"https:\\\/\\\/cancelantecedentes.es\\\/?s={search_term_string}\"},\"query-input\":{\"@type\":\"PropertyValueSpecification\",\"valueRequired\":true,\"valueName\":\"search_term_string\"}}],\"inLanguage\":\"es\"},{\"@type\":\"Organization\",\"@id\":\"https:\\\/\\\/cancelantecedentes.es\\\/#organization\",\"name\":\"Cancela Antecedentes\",\"url\":\"https:\\\/\\\/cancelantecedentes.es\\\/\",\"logo\":{\"@type\":\"ImageObject\",\"inLanguage\":\"es\",\"@id\":\"https:\\\/\\\/cancelantecedentes.es\\\/#\\\/schema\\\/logo\\\/image\\\/\",\"url\":\"https:\\\/\\\/cancelantecedentes.es\\\/wp-content\\\/uploads\\\/2026\\\/02\\\/LOGO-CANCELA-2-1-e1771499402240.png\",\"contentUrl\":\"https:\\\/\\\/cancelantecedentes.es\\\/wp-content\\\/uploads\\\/2026\\\/02\\\/LOGO-CANCELA-2-1-e1771499402240.png\",\"width\":1563,\"height\":570,\"caption\":\"Cancela Antecedentes\"},\"image\":{\"@id\":\"https:\\\/\\\/cancelantecedentes.es\\\/#\\\/schema\\\/logo\\\/image\\\/\"}}]}<\/script>\n<!-- \/ Yoast SEO plugin. -->","yoast_head_json":{"title":"POL\u00cdTICA DE COOKIES - Cancela Antecedentes","robots":{"index":"index","follow":"follow","max-snippet":"max-snippet:-1","max-image-preview":"max-image-preview:large","max-video-preview":"max-video-preview:-1"},"canonical":"https:\/\/cancelantecedentes.es\/index.php\/politica-de-cookies\/","og_locale":"es_ES","og_type":"article","og_title":"POL\u00cdTICA DE COOKIES - Cancela Antecedentes","og_description":"POL\u00cdTICA DE COOKIES 1. \u00bfQu\u00e9 son las cookies? Las cookies son archivos que se descargan en el dispositivo del usuario al acceder a determinadas p\u00e1ginas web. 2. Tipos de cookies utilizadas Este sitio web puede utilizar: Cookies t\u00e9cnicas necesarias para el funcionamiento del sitio. Cookies de an\u00e1lisis para fines estad\u00edsticos. Cookies de terceros en caso [&hellip;]","og_url":"https:\/\/cancelantecedentes.es\/index.php\/politica-de-cookies\/","og_site_name":"Cancela Antecedentes","article_modified_time":"2026-02-20T10:28:52+00:00","twitter_card":"summary_large_image","twitter_misc":{"Tiempo de lectura":"1 minuto"},"schema":{"@context":"https:\/\/schema.org","@graph":[{"@type":"WebPage","@id":"https:\/\/cancelantecedentes.es\/index.php\/politica-de-cookies\/","url":"https:\/\/cancelantecedentes.es\/index.php\/politica-de-cookies\/","name":"POL\u00cdTICA DE COOKIES - Cancela Antecedentes","isPartOf":{"@id":"https:\/\/cancelantecedentes.es\/#website"},"datePublished":"2026-02-20T10:27:12+00:00","dateModified":"2026-02-20T10:28:52+00:00","breadcrumb":{"@id":"https:\/\/cancelantecedentes.es\/index.php\/politica-de-cookies\/#breadcrumb"},"inLanguage":"es","potentialAction":[{"@type":"ReadAction","target":["https:\/\/cancelantecedentes.es\/index.php\/politica-de-cookies\/"]}]},{"@type":"BreadcrumbList","@id":"https:\/\/cancelantecedentes.es\/index.php\/politica-de-cookies\/#breadcrumb","itemListElement":[{"@type":"ListItem","position":1,"name":"Portada","item":"https:\/\/cancelantecedentes.es\/"},{"@type":"ListItem","position":2,"name":"POL\u00cdTICA DE COOKIES"}]},{"@type":"WebSite","@id":"https:\/\/cancelantecedentes.es\/#website","url":"https:\/\/cancelantecedentes.es\/","name":"Cancela Antecedentes","description":"","publisher":{"@id":"https:\/\/cancelantecedentes.es\/#organization"},"potentialAction":[{"@type":"SearchAction","target":{"@type":"EntryPoint","urlTemplate":"https:\/\/cancelantecedentes.es\/?s={search_term_string}"},"query-input":{"@type":"PropertyValueSpecification","valueRequired":true,"valueName":"search_term_string"}}],"inLanguage":"es"},{"@type":"Organization","@id":"https:\/\/cancelantecedentes.es\/#organization","name":"Cancela Antecedentes","url":"https:\/\/cancelantecedentes.es\/","logo":{"@type":"ImageObject","inLanguage":"es","@id":"https:\/\/cancelantecedentes.es\/#\/schema\/logo\/image\/","url":"https:\/\/cancelantecedentes.es\/wp-content\/uploads\/2026\/02\/LOGO-CANCELA-2-1-e1771499402240.png","contentUrl":"https:\/\/cancelantecedentes.es\/wp-content\/uploads\/2026\/02\/LOGO-CANCELA-2-1-e1771499402240.png","width":1563,"height":570,"caption":"Cancela Antecedentes"},"image":{"@id":"https:\/\/cancelantecedentes.es\/#\/schema\/logo\/image\/"}}]}},"_links":{"self":[{"href":"https:\/\/cancelantecedentes.es\/index.php\/wp-json\/wp\/v2\/pages\/207","targetHints":{"allow":["GET"]}}],"collection":[{"href":"https:\/\/cancelantecedentes.es\/index.php\/wp-json\/wp\/v2\/pages"}],"about":[{"href":"https:\/\/cancelantecedentes.es\/index.php\/wp-json\/wp\/v2\/types\/page"}],"author":[{"embeddable":true,"href":"https:\/\/cancelantecedentes.es\/index.php\/wp-json\/wp\/v2\/users\/5"}],"replies":[{"embeddable":true,"href":"https:\/\/cancelantecedentes.es\/index.php\/wp-json\/wp\/v2\/comments?post=207"}],"version-history":[{"count":6,"href":"https:\/\/cancelantecedentes.es\/index.php\/wp-json\/wp\/v2\/pages\/207\/revisions"}],"predecessor-version":[{"id":213,"href":"https:\/\/cancelantecedentes.es\/index.php\/wp-json\/wp\/v2\/pages\/207\/revisions\/213"}],"wp:attachment":[{"href":"https:\/\/cancelantecedentes.es\/index.php\/wp-json\/wp\/v2\/media?parent=207"}],"curies":[{"name":"wp","href":"https:\/\/api.w.org\/{rel}","templated":true}]}}